{"id":133,"date":"2020-05-11T17:32:59","date_gmt":"2020-05-11T15:32:59","guid":{"rendered":"http:\/\/parolier-lyricist.be\/?page_id=133"},"modified":"2020-05-11T18:06:59","modified_gmt":"2020-05-11T16:06:59","slug":"livre-dor","status":"publish","type":"page","link":"https:\/\/o-fortuna.be\/?page_id=133","title":{"rendered":"Livre d&rsquo;Or"},"content":{"rendered":"\n<div class=\"gwolle-gb\"><div class=\"gwolle_gb_messages_top_container\"><\/div>\n\t\t\t<div class=\"gwolle-gb-write-button\">\n\t\t\t\t<input type=\"button\" name=\"gwolle-gb-write-button\" class=\"button btn btn-default \" value=\"&raquo; \u00c9crire un nouveau message.\" \/>\n\t\t\t<\/div>\n\t\t\t<form action=\"#\" method=\"POST\" class=\"gwolle-gb-write gwolle-gb-hide gwolle-gb-float gwolle_gb_form_ajax gwolle-gb-form-ajax\">\n\t\t\t\t<h3>\u00c9crivez un nouveau message dans le livre d&#039;or<\/h3>\n\t\t\t\t<button type=\"button\" class=\"gb-notice-dismiss\">x<span class=\"screen-reader-text\">Masquer ce formulaire.<\/span><\/button>\n\t\t\t\n\t\t\t\t<input type=\"hidden\" name=\"gwolle_gb_function\" class=\"gwolle_gb_function\" value=\"add_entry\" \/><input type=\"hidden\" name=\"gwolle_gb_book_id\" class=\"gwolle_gb_book_id\" value=\"1\" \/><div class=\"gwolle_gb_528b4cf89f1e224fc8eea0660934ba52\">\n\t\t\t\t<div class=\"label\"><label for=\"gwolle_gb_528b4cf89f1e224fc8eea0660934ba52\" class=\"text-info\">Nom: *<\/label><\/div>\n\t\t\t\t<div class=\"input\"><input class=\"wp-exclude-emoji gwolle_gb_528b4cf89f1e224fc8eea0660934ba52\" value=\"\" type=\"text\" name=\"gwolle_gb_528b4cf89f1e224fc8eea0660934ba52\" placeholder=\"Nom\" required \/><\/div>\n\t\t\t<\/div>\n\t\t\t<div class=\"clearBoth\">&nbsp;<\/div><div class=\"gwolle_gb_40d1ec158213eabd42ac7eb078558824\">\n\t\t\t\t\t<div class=\"label\"><label for=\"gwolle_gb_40d1ec158213eabd42ac7eb078558824\" class=\"text-info\">Ville:<\/label><\/div>\n\t\t\t\t\t<div class=\"input\"><input class=\"wp-exclude-emoji gwolle_gb_40d1ec158213eabd42ac7eb078558824\" value=\"\" type=\"text\" name=\"gwolle_gb_40d1ec158213eabd42ac7eb078558824\" placeholder=\"Ville\" \/><\/div>\n\t\t\t\t<\/div>\n\t\t\t\t<div class=\"clearBoth\">&nbsp;<\/div><div class=\"gwolle_gb_2a8a0cd2166bd32ce5b9f712070a364f\">\n\t\t\t\t<div class=\"label\"><label for=\"gwolle_gb_2a8a0cd2166bd32ce5b9f712070a364f\" class=\"text-info\">E-mail: *<\/label><\/div>\n\t\t\t\t<div class=\"input\"><input class=\"gwolle_gb_2a8a0cd2166bd32ce5b9f712070a364f\" value=\"\" type=\"email\" name=\"gwolle_gb_2a8a0cd2166bd32ce5b9f712070a364f\" placeholder=\"E-mail\"  required \/><\/div>\n\t\t\t<\/div>\n\t\t\t<div class=\"clearBoth\">&nbsp;<\/div><div class=\"gwolle_gb_119e406be2fa73414ef972139a851b67\">\n\t\t\t\t<div class=\"label\"><label for=\"gwolle_gb_119e406be2fa73414ef972139a851b67\" class=\"text-info\">Site web:<\/label><\/div>\n\t\t\t\t<div class=\"input\"><input class=\"gwolle_gb_119e406be2fa73414ef972139a851b67\" value=\"\" type=\"url\" name=\"gwolle_gb_119e406be2fa73414ef972139a851b67\" placeholder=\"Site web\"  \/><\/div>\n\t\t\t<\/div>\n\t\t\t<div class=\"clearBoth\">&nbsp;<\/div>\n\t\t\t<div class=\"gwolle_gb_4b4883d4895b3c00fbce19ffcad52f56\" style=\"display:none;\">\n\t\t\t\t<div class=\"label\">\n\t\t\t\t\t<label for=\"gwolle_gb_4b4883d4895b3c00fbce19ffcad52f56\" class=\"text-primary\">Ne touchez pas \u00e0 ceci:<\/label>\n\t\t\t\t\t<label for=\"gwolle_gb_4369770b108c8f07891a0229fd703054\" class=\"text-primary\">Ne touchez pas \u00e0 ceci:<\/label>\n\t\t\t\t<\/div>\n\t\t\t\t<div class=\"input\">\n\t\t\t\t\t<input value=\"41\" type=\"text\" name=\"gwolle_gb_4b4883d4895b3c00fbce19ffcad52f56\" class=\"gwolle_gb_4b4883d4895b3c00fbce19ffcad52f56\" placeholder=\"\" \/>\n\t\t\t\t\t<input value=\"\" type=\"text\" name=\"gwolle_gb_4369770b108c8f07891a0229fd703054\" class=\"gwolle_gb_4369770b108c8f07891a0229fd703054\" placeholder=\"\" \/>\n\t\t\t\t<\/div>\n\t\t\t<\/div>\n\t\t\t<div class=\"clearBoth\"><\/div>\n\t\t\t<div class=\"gwolle_gb_917c91366aa00487e4e1eed1acd39979\" style=\"display:none;\">\n\t\t\t\t<div class=\"label\">\n\t\t\t\t\t<label for=\"gwolle_gb_917c91366aa00487e4e1eed1acd39979\" class=\"text-primary\">Ne touchez pas \u00e0 ceci:<\/label>\n\t\t\t\t\t<label for=\"gwolle_gb_79601f361614a4b011df4b4f821224c6\" class=\"text-primary\">Ne touchez pas \u00e0 ceci:<\/label>\n\t\t\t\t<\/div>\n\t\t\t\t<div class=\"input\">\n\t\t\t\t\t<input value=\"47187\" type=\"text\" name=\"gwolle_gb_917c91366aa00487e4e1eed1acd39979\" class=\"gwolle_gb_917c91366aa00487e4e1eed1acd39979\" placeholder=\"\" \/>\n\t\t\t\t\t<input value=\"47187\" type=\"text\" name=\"gwolle_gb_79601f361614a4b011df4b4f821224c6\" class=\"gwolle_gb_79601f361614a4b011df4b4f821224c6\" placeholder=\"\" \/>\n\t\t\t\t<\/div>\n\t\t\t<\/div>\n\t\t\t<div class=\"clearBoth\"><\/div><div class=\"gwolle_gb_content\">\n\t\t\t\t<div class=\"label\"><label for=\"gwolle_gb_content\" class=\"text-info\">Message du livre d&#039;or: *<\/label><\/div>\n\t\t\t\t<div class=\"input\"><textarea name=\"gwolle_gb_content\" class=\"gwolle_gb_content wp-exclude-emoji\" placeholder=\"Message du livre d&#039;or\"  required ><\/textarea><\/div>\n\t\t\t\t<\/div>\n\t\t\t<div class=\"clearBoth\">&nbsp;<\/div><input type=\"hidden\" class=\"gwolle_gb_437f7d46fc1b13eb2202ee93084aeefe\" name=\"gwolle_gb_437f7d46fc1b13eb2202ee93084aeefe\" value=\"92b733a5ad\" \/>\n\t\t\t<div class=\"gwolle_gb_messages_bottom_container\"><\/div>\n\n\t\t\t<noscript><div class=\"no-js\">Avertissement\u00a0: Ce formulaire ne peut \u00eatre utilis\u00e9 que si JavaScript est activ\u00e9 dans votre navigateur.<\/div><\/noscript>\n\n\t\t\t<div class=\"gwolle_gb_submit\">\n\t\t\t\t<div class=\"label gwolle-gb-invisible text-muted\">&nbsp;<\/div>\n\t\t\t\t<div class=\"input\">\n\t\t\t\t\t<input type=\"submit\" name=\"gwolle_gb_submit\" class=\"gwolle_gb_submit button btn btn-primary \" value=\"Envoyer\" \/>\n\t\t\t\t\t<span class=\"gwolle_gb_submit_ajax_icon\"><\/span>\n\t\t\t\n\t\t\t\t<\/div>\n\t\t\t<\/div>\n\t\t\t<div class=\"clearBoth\">&nbsp;<\/div>\n\n\t\t\t<div class=\"gwolle_gb_notice\">\n\t\t\t\t<br \/>\nLes champs marqu\u00e9s avec un * sont obligatoires.<br \/>\nVotre adresse e-mail ne sera pas publi\u00e9e.<br \/>\nIl se pourrait que votre message n\u2019apparaisse dans le livre d\u2019or qu\u2019apr\u00e8s que nous l\u2019ayons v\u00e9rifi\u00e9.<br \/>\nNous nous r\u00e9servons le droit de modifier, de supprimer, ou de ne pas publier les messages.<br \/>\n\n\t\t\t<\/div><\/form><div class=\"gwolle-gb-read \" data-book_id=\"1\"><div id=\"gwolle-gb-total\">2 messages.<\/div><!-- Gwolle-GB Entry: Default Template Loaded -->\n\t\t\t\t<div class=\"gb-entry gb-entry_2 gb-entry-count_1 gwolle_gb_uneven gwolle-gb-uneven gwolle_gb_first gwolle-gb-first\">\n\t\t\t\t<article>\n\t\t\t\t\t<div class=\"gb-author-info\">\n\t\t\t\t\t\t<span class=\"gb-author-avatar\"><img referrerpolicy=\"no-referrer\" alt='Evie Lewinson' src='https:\/\/secure.gravatar.com\/avatar\/eeabeda8b044e1715367d053fadff730?s=32&#038;d=mm&#038;r=g' srcset='https:\/\/secure.gravatar.com\/avatar\/eeabeda8b044e1715367d053fadff730?s=64&#038;d=mm&#038;r=g 2x' class='avatar avatar-32 photo' height='32' width='32' loading='lazy' decoding='async'\/><\/span>\n\t\t\t\t\t\t<span class=\"gb-author-name\">Evie Lewinson\n\t\t\t\t\t\t<\/span>\n\t\t\t\t\t\t<span class=\"gb-datetime\">\n\t\t\t\t\t\t\t<span class=\"gb-date\"> a \u00e9crit le 11 mai 2020<\/span><span class=\"gb-time\"> \u00e0 18 h 16 min<\/span>:\n\t\t\t\t\t\t<\/span> \n\t\t\t\t\t<\/div>\n\t\t\t\t\t<div class=\"gb-entry-content\">Vous aimez O Fortuna?\nN&#039;h\u00e9sitez pas \u00e0 \u00e9crire vos impressions sur cette page!\n\t\t\t\t\t<\/div>\n\t\t\t\t<\/article>\n\t\t\t<\/div>\n\t\t\t<div class=\"gb-entry gb-entry_1 gb-entry-count_2 gwolle_gb_even gwolle-gb-even\">\n\t\t\t\t<article>\n\t\t\t\t\t<div class=\"gb-author-info\">\n\t\t\t\t\t\t<span class=\"gb-author-avatar\"><img referrerpolicy=\"no-referrer\" alt='Daniel Magotteaux' src='https:\/\/secure.gravatar.com\/avatar\/f1b810e2b63587002f6c15200b88d926?s=32&#038;d=mm&#038;r=g' srcset='https:\/\/secure.gravatar.com\/avatar\/f1b810e2b63587002f6c15200b88d926?s=64&#038;d=mm&#038;r=g 2x' class='avatar avatar-32 photo' height='32' width='32' loading='lazy' decoding='async'\/><\/span>\n\t\t\t\t\t\t<span class=\"gb-author-name\"><a href=\"http:\/\/www.video-drone-design.be\/\" target=\"_blank\" rel=\"nofollow noopener noreferrer\"\n\t\t\t\t\t\t\ttitle=\"Visiter le site web de  Daniel Magotteaux: http:\/\/www.video-drone-design.be\/\"><i class=\"gb-moderator\">Daniel Magotteaux<\/i><\/a>\n\t\t\t\t\t\t<\/span>\n\t\t\t\t\t\t<span class=\"gb-author-origin\"> de Gembloux<\/span>\n\t\t\t\t\t\t<span class=\"gb-datetime\">\n\t\t\t\t\t\t\t<span class=\"gb-date\"> a \u00e9crit le 11 mai 2020<\/span><span class=\"gb-time\"> \u00e0 18 h 08 min<\/span>:\n\t\t\t\t\t\t<\/span> \n\t\t\t\t\t<\/div>\n\t\t\t\t\t<div class=\"gb-entry-content\">Une animation musicale parfaite pour les GN!\n\t\t\t\t\t<\/div>\n\t\t\t\t<\/article>\n\t\t\t<\/div>\n\t\t\t<\/div><\/div>\n","protected":false},"excerpt":{"rendered":"","protected":false},"author":1,"featured_media":0,"parent":0,"menu_order":0,"comment_status":"closed","ping_status":"closed","template":"","meta":[],"yoast_head":"<!-- This site is optimized with the Yoast SEO plugin v14.1 - https:\/\/yoast.com\/wordpress\/plugins\/seo\/ -->\n<title>Livre d&#039;Or -<\/title>\n<meta name=\"robots\" content=\"index, follow\" \/>\n<meta name=\"googlebot\" content=\"index, follow, max-snippet:-1, max-image-preview:large, max-video-preview:-1\" \/>\n<meta name=\"bingbot\" content=\"index, follow, max-snippet:-1, max-image-preview:large, max-video-preview:-1\" \/>\n<link rel=\"canonical\" href=\"http:\/\/o-fortuna.be\/?page_id=133\" \/>\n<meta property=\"og:locale\" content=\"fr_FR\" \/>\n<meta property=\"og:type\" content=\"article\" \/>\n<meta property=\"og:title\" content=\"Livre d&#039;Or -\" \/>\n<meta property=\"og:url\" content=\"http:\/\/o-fortuna.be\/?page_id=133\" \/>\n<meta property=\"article:publisher\" content=\"https:\/\/www.facebook.com\/MusiciensOFortuna\/\" \/>\n<meta property=\"article:modified_time\" content=\"2020-05-11T16:06:59+00:00\" \/>\n<meta name=\"twitter:card\" content=\"summary_large_image\" \/>\n<script type=\"application\/ld+json\" class=\"yoast-schema-graph\">{\"@context\":\"https:\/\/schema.org\",\"@graph\":[{\"@type\":\"Organization\",\"@id\":\"https:\/\/o-fortuna.be\/#organization\",\"name\":\"O-fortuna\",\"url\":\"https:\/\/o-fortuna.be\/\",\"sameAs\":[\"https:\/\/www.facebook.com\/MusiciensOFortuna\/\",\"https:\/\/www.youtube.com\/channel\/UCAJ0EibvUn4-SgbNB50iLng\"],\"logo\":{\"@type\":\"ImageObject\",\"@id\":\"https:\/\/o-fortuna.be\/#logo\",\"inLanguage\":\"fr-FR\",\"url\":\"https:\/\/o-fortuna.be\/wp-content\/uploads\/2020\/05\/Amoureux-O-Fortuna-1.gif\",\"width\":1468,\"height\":946,\"caption\":\"O-fortuna\"},\"image\":{\"@id\":\"https:\/\/o-fortuna.be\/#logo\"}},{\"@type\":\"WebSite\",\"@id\":\"https:\/\/o-fortuna.be\/#website\",\"url\":\"https:\/\/o-fortuna.be\/\",\"name\":\"\",\"description\":\"Vous avez dit \\u201cmusique populaire\\u201d ?\",\"publisher\":{\"@id\":\"https:\/\/o-fortuna.be\/#organization\"},\"potentialAction\":[{\"@type\":\"SearchAction\",\"target\":\"https:\/\/o-fortuna.be\/?s={search_term_string}\",\"query-input\":\"required name=search_term_string\"}],\"inLanguage\":\"fr-FR\"},{\"@type\":\"WebPage\",\"@id\":\"http:\/\/o-fortuna.be\/?page_id=133#webpage\",\"url\":\"http:\/\/o-fortuna.be\/?page_id=133\",\"name\":\"Livre d'Or -\",\"isPartOf\":{\"@id\":\"https:\/\/o-fortuna.be\/#website\"},\"datePublished\":\"2020-05-11T15:32:59+00:00\",\"dateModified\":\"2020-05-11T16:06:59+00:00\",\"inLanguage\":\"fr-FR\",\"potentialAction\":[{\"@type\":\"ReadAction\",\"target\":[\"http:\/\/o-fortuna.be\/?page_id=133\"]}]}]}<\/script>\n<!-- \/ Yoast SEO plugin. -->","_links":{"self":[{"href":"https:\/\/o-fortuna.be\/index.php?rest_route=\/wp\/v2\/pages\/133"}],"collection":[{"href":"https:\/\/o-fortuna.be\/index.php?rest_route=\/wp\/v2\/pages"}],"about":[{"href":"https:\/\/o-fortuna.be\/index.php?rest_route=\/wp\/v2\/types\/page"}],"author":[{"embeddable":true,"href":"https:\/\/o-fortuna.be\/index.php?rest_route=\/wp\/v2\/users\/1"}],"replies":[{"embeddable":true,"href":"https:\/\/o-fortuna.be\/index.php?rest_route=%2Fwp%2Fv2%2Fcomments&post=133"}],"version-history":[{"count":3,"href":"https:\/\/o-fortuna.be\/index.php?rest_route=\/wp\/v2\/pages\/133\/revisions"}],"predecessor-version":[{"id":140,"href":"https:\/\/o-fortuna.be\/index.php?rest_route=\/wp\/v2\/pages\/133\/revisions\/140"}],"wp:attachment":[{"href":"https:\/\/o-fortuna.be\/index.php?rest_route=%2Fwp%2Fv2%2Fmedia&parent=133"}],"curies":[{"name":"wp","href":"https:\/\/api.w.org\/{rel}","templated":true}]}}