{"id":76,"date":"2020-05-04T17:25:25","date_gmt":"2020-05-04T15:25:25","guid":{"rendered":"http:\/\/parolier-lyricist.be\/?page_id=76"},"modified":"2020-05-05T15:29:24","modified_gmt":"2020-05-05T13:29:24","slug":"qui-sommes-nous","status":"publish","type":"page","link":"https:\/\/o-fortuna.be\/?page_id=76","title":{"rendered":"Qui sommes-nous?"},"content":{"rendered":"\n<p>Vous avez dit \u201cmusique populaire\u201d ?<\/p>\n\n\n\n<p>O Fortuna, c\u2019est la rencontre entre la musique ancienne et le rock progressif, entre une soprano et un contre-t\u00e9nor, entre les instruments \u00e0 vent et les claviers.<\/p>\n\n\n\n<p>Deux sensibilit\u00e9s qui vous emm\u00e8nent en promenade \u00e0 travers sept si\u00e8cles de musique populaire, celle qui chatouille les ou\u00efes et ravit les yeux.<\/p>\n\n\n\n<p>Fond\u00e9e en 2016, suite \u00e0 une envie de mettre en commun leurs go\u00fbts musicaux, Thibaut de Halleux et Evie Lewinson ont explor\u00e9 ensemble tout le r\u00e9pertoire occidental depuis le Moyen \u00c2ge jusqu\u2019\u00e0 nos jours. Leurs propres compositions, vocales ou instrumentales, sont venues s\u2019y ajouter, riches de leur exp\u00e9rience dans le monde du rock progressif (Thibaut a chant\u00e9 avec les groupes \u201cAmAndA\u201d, \u201cScandale\u201d, \u201cThe Very Old Dinosaurs\u201d) et de la musique ancienne et classique (Evie d\u00e9file chaque ann\u00e9e dans l\u2019Ommegang Bruxellois avec ses dr\u00f4les d\u2019instruments \u00e0 vent : cornet \u00e0 bouquin, dou\u00e7aine).<\/p>\n\n\n\n<p>O Fortuna, un spectacle total ou \u00e9pur\u00e9, un moment de musique qui s\u2019adapte \u00e0 toutes les conditions : concert, animation musicale, \u00e9v\u00e9nements,\u2026 En int\u00e9rieur ou en ext\u00e9rieur, avec jusque 9 instruments de musique anciens et modernes, suivant le type d&rsquo;animation et la configuration des lieux.<\/p>\n\n\n\n<p>Le duo O FORTUNA vous propose son animation musicale pour votre \u00e9v\u00e8nement, f\u00eate, cabaret, caf\u00e9-th\u00e9\u00e2tre, restaurant,\u2026<\/p>\n\n\n\n<p>O FORTUNA, ce sont des musiciens-chanteurs-com\u00e9diens avec un r\u00e9pertoire de m\u00e9lodies et chansons populaires du Moyen-\u00c2ge au 21e si\u00e8cle, le tout en spectacle total (visuel et auditif)<\/p>\n\n\n\n<p>Nous vous proposons une promenade musicale d&rsquo;environ 1h30 allant du Moyen \u00c2ge au XXIe si\u00e8cle, en chansons et pi\u00e8ces instrumentales, avec jeux de sc\u00e8ne.<\/p>\n\n\n\n<figure class=\"wp-block-image size-large\"><img decoding=\"async\" loading=\"lazy\" width=\"900\" height=\"506\" src=\"http:\/\/parolier-lyricist.be\/wp-content\/uploads\/2020\/05\/OF1.jpg\" alt=\"\" class=\"wp-image-101\" srcset=\"https:\/\/o-fortuna.be\/wp-content\/uploads\/2020\/05\/OF1.jpg 900w, https:\/\/o-fortuna.be\/wp-content\/uploads\/2020\/05\/OF1-300x169.jpg 300w, https:\/\/o-fortuna.be\/wp-content\/uploads\/2020\/05\/OF1-768x432.jpg 768w\" sizes=\"(max-width: 900px) 100vw, 900px\" \/><\/figure>\n","protected":false},"excerpt":{"rendered":"<p>Vous avez dit \u201cmusique populaire\u201d ? O Fortuna, c\u2019est la rencontre entre la musique ancienne et le rock progressif, entre une soprano et un contre-t\u00e9nor, entre les instruments \u00e0 vent<\/p>\n<p class=\"more-link\"><a href=\"https:\/\/o-fortuna.be\/?page_id=76\" class=\"readmore\">Continuer la lecture<span class=\"screen-reader-text\">Qui sommes-nous?<\/span><\/a><\/p>\n","protected":false},"author":1,"featured_media":0,"parent":0,"menu_order":0,"comment_status":"closed","ping_status":"closed","template":"","meta":[],"yoast_head":"<!-- This site is optimized with the Yoast SEO plugin v14.1 - https:\/\/yoast.com\/wordpress\/plugins\/seo\/ -->\n<title>Qui sommes-nous? -<\/title>\n<meta name=\"robots\" content=\"index, follow\" \/>\n<meta name=\"googlebot\" content=\"index, follow, max-snippet:-1, max-image-preview:large, max-video-preview:-1\" \/>\n<meta name=\"bingbot\" content=\"index, follow, max-snippet:-1, max-image-preview:large, max-video-preview:-1\" \/>\n<link rel=\"canonical\" href=\"http:\/\/o-fortuna.be\/?page_id=76\" \/>\n<meta property=\"og:locale\" content=\"fr_FR\" \/>\n<meta property=\"og:type\" content=\"article\" \/>\n<meta property=\"og:title\" content=\"Qui sommes-nous? -\" \/>\n<meta property=\"og:description\" content=\"Vous avez dit \u201cmusique populaire\u201d ? O Fortuna, c\u2019est la rencontre entre la musique ancienne et le rock progressif, entre une soprano et un contre-t\u00e9nor, entre les instruments \u00e0 ventContinuer la lectureQui sommes-nous?\" \/>\n<meta property=\"og:url\" content=\"http:\/\/o-fortuna.be\/?page_id=76\" \/>\n<meta property=\"article:publisher\" content=\"https:\/\/www.facebook.com\/MusiciensOFortuna\/\" \/>\n<meta property=\"article:modified_time\" content=\"2020-05-05T13:29:24+00:00\" \/>\n<meta property=\"og:image\" content=\"http:\/\/parolier-lyricist.be\/wp-content\/uploads\/2020\/05\/OF1.jpg\" \/>\n<meta name=\"twitter:card\" content=\"summary_large_image\" \/>\n<script type=\"application\/ld+json\" class=\"yoast-schema-graph\">{\"@context\":\"https:\/\/schema.org\",\"@graph\":[{\"@type\":\"Organization\",\"@id\":\"https:\/\/o-fortuna.be\/#organization\",\"name\":\"O-fortuna\",\"url\":\"https:\/\/o-fortuna.be\/\",\"sameAs\":[\"https:\/\/www.facebook.com\/MusiciensOFortuna\/\",\"https:\/\/www.youtube.com\/channel\/UCAJ0EibvUn4-SgbNB50iLng\"],\"logo\":{\"@type\":\"ImageObject\",\"@id\":\"https:\/\/o-fortuna.be\/#logo\",\"inLanguage\":\"fr-FR\",\"url\":\"https:\/\/o-fortuna.be\/wp-content\/uploads\/2020\/05\/Amoureux-O-Fortuna-1.gif\",\"width\":1468,\"height\":946,\"caption\":\"O-fortuna\"},\"image\":{\"@id\":\"https:\/\/o-fortuna.be\/#logo\"}},{\"@type\":\"WebSite\",\"@id\":\"https:\/\/o-fortuna.be\/#website\",\"url\":\"https:\/\/o-fortuna.be\/\",\"name\":\"\",\"description\":\"Vous avez dit \\u201cmusique populaire\\u201d ?\",\"publisher\":{\"@id\":\"https:\/\/o-fortuna.be\/#organization\"},\"potentialAction\":[{\"@type\":\"SearchAction\",\"target\":\"https:\/\/o-fortuna.be\/?s={search_term_string}\",\"query-input\":\"required name=search_term_string\"}],\"inLanguage\":\"fr-FR\"},{\"@type\":\"ImageObject\",\"@id\":\"http:\/\/o-fortuna.be\/?page_id=76#primaryimage\",\"inLanguage\":\"fr-FR\",\"url\":\"http:\/\/parolier-lyricist.be\/wp-content\/uploads\/2020\/05\/OF1.jpg\"},{\"@type\":\"WebPage\",\"@id\":\"http:\/\/o-fortuna.be\/?page_id=76#webpage\",\"url\":\"http:\/\/o-fortuna.be\/?page_id=76\",\"name\":\"Qui sommes-nous? -\",\"isPartOf\":{\"@id\":\"https:\/\/o-fortuna.be\/#website\"},\"primaryImageOfPage\":{\"@id\":\"http:\/\/o-fortuna.be\/?page_id=76#primaryimage\"},\"datePublished\":\"2020-05-04T15:25:25+00:00\",\"dateModified\":\"2020-05-05T13:29:24+00:00\",\"inLanguage\":\"fr-FR\",\"potentialAction\":[{\"@type\":\"ReadAction\",\"target\":[\"http:\/\/o-fortuna.be\/?page_id=76\"]}]}]}<\/script>\n<!-- \/ Yoast SEO plugin. -->","_links":{"self":[{"href":"https:\/\/o-fortuna.be\/index.php?rest_route=\/wp\/v2\/pages\/76"}],"collection":[{"href":"https:\/\/o-fortuna.be\/index.php?rest_route=\/wp\/v2\/pages"}],"about":[{"href":"https:\/\/o-fortuna.be\/index.php?rest_route=\/wp\/v2\/types\/page"}],"author":[{"embeddable":true,"href":"https:\/\/o-fortuna.be\/index.php?rest_route=\/wp\/v2\/users\/1"}],"replies":[{"embeddable":true,"href":"https:\/\/o-fortuna.be\/index.php?rest_route=%2Fwp%2Fv2%2Fcomments&post=76"}],"version-history":[{"count":4,"href":"https:\/\/o-fortuna.be\/index.php?rest_route=\/wp\/v2\/pages\/76\/revisions"}],"predecessor-version":[{"id":106,"href":"https:\/\/o-fortuna.be\/index.php?rest_route=\/wp\/v2\/pages\/76\/revisions\/106"}],"wp:attachment":[{"href":"https:\/\/o-fortuna.be\/index.php?rest_route=%2Fwp%2Fv2%2Fmedia&parent=76"}],"curies":[{"name":"wp","href":"https:\/\/api.w.org\/{rel}","templated":true}]}}